{"id":522,"date":"2024-02-19T16:12:19","date_gmt":"2024-02-19T16:12:19","guid":{"rendered":"https:\/\/avivamentobiblico.org\/missoes\/?page_id=522"},"modified":"2025-04-03T16:31:14","modified_gmt":"2025-04-03T16:31:14","slug":"oferte","status":"publish","type":"page","link":"https:\/\/avivamentobiblico.org\/evangelismoemissoes\/oferte\/","title":{"rendered":"Oferte"},"content":{"rendered":"\t\t<div data-elementor-type=\"wp-page\" data-elementor-id=\"522\" class=\"elementor elementor-522\" data-elementor-post-type=\"page\">\n\t\t\t\t\t\t\t<div class=\"elementor-element elementor-element-55f6693d e-con-full e-flex e-con e-parent\" data-id=\"55f6693d\" data-element_type=\"container\" data-settings=\"{&quot;content_width&quot;:&quot;full&quot;,&quot;background_background&quot;:&quot;slideshow&quot;,&quot;background_slideshow_gallery&quot;:[{&quot;id&quot;:528,&quot;url&quot;:&quot;https:\\\/\\\/avivamentobiblico.org\\\/missoes\\\/wp-content\\\/uploads\\\/2024\\\/02\\\/hands-palm-and-diversity-of-people-in-circle-for-2023-09-06-22-34-33-utc-scaled.webp&quot;}],&quot;background_slideshow_loop&quot;:&quot;yes&quot;,&quot;background_slideshow_slide_duration&quot;:5000,&quot;background_slideshow_slide_transition&quot;:&quot;fade&quot;,&quot;background_slideshow_transition_duration&quot;:500}\" data-core-v316-plus=\"true\">\n\t\t\t\t<div class=\"elementor-element elementor-element-4da54161 elementor-widget__width-inherit elementor-widget elementor-widget-wp-widget-custom_html\" data-id=\"4da54161\" data-element_type=\"widget\" data-widget_type=\"wp-widget-custom_html.default\">\n\t\t\t\t<div class=\"elementor-widget-container\">\n\t\t\t<div class=\"textwidget custom-html-widget\"> <section class=\"page-header\">\r\n           \r\n            <div class=\"container\">\r\n                <div class=\"page-header__inner\">\r\n                    <ul class=\"thm-breadcrumb list-unstyled\">\r\n                        <li><a href=\"index.html\">Home<\/a><\/li>\r\n                        <li><span>\/<\/span><\/li>\r\n                        <li>Oferte<\/li>\r\n                    <\/ul>\r\n                    <h2>Oferte<\/h2>\r\n                <\/div>\r\n            <\/div>\r\n        <\/section><\/div>\t\t<\/div>\n\t\t\t\t<\/div>\n\t\t\t\t<\/div>\n\t\t<div class=\"elementor-element elementor-element-98e29ef e-flex e-con-boxed e-con e-parent\" data-id=\"98e29ef\" data-element_type=\"container\" data-settings=\"{&quot;content_width&quot;:&quot;boxed&quot;}\" data-core-v316-plus=\"true\">\n\t\t\t\t\t<div class=\"e-con-inner\">\n\t\t\t\t<div class=\"elementor-element elementor-element-6d44d5d elementor-widget elementor-widget-heading\" data-id=\"6d44d5d\" data-element_type=\"widget\" data-widget_type=\"heading.default\">\n\t\t\t\t<div class=\"elementor-widget-container\">\n\t\t\t<style>\/*! elementor - v3.17.0 - 08-11-2023 *\/\n.elementor-heading-title{padding:0;margin:0;line-height:1}.elementor-widget-heading .elementor-heading-title[class*=elementor-size-]>a{color:inherit;font-size:inherit;line-height:inherit}.elementor-widget-heading .elementor-heading-title.elementor-size-small{font-size:15px}.elementor-widget-heading .elementor-heading-title.elementor-size-medium{font-size:19px}.elementor-widget-heading .elementor-heading-title.elementor-size-large{font-size:29px}.elementor-widget-heading .elementor-heading-title.elementor-size-xl{font-size:39px}.elementor-widget-heading .elementor-heading-title.elementor-size-xxl{font-size:59px}<\/style><h1 class=\"elementor-heading-title elementor-size-default\">Querido mission\u00e1rio digital<\/h1>\t\t<\/div>\n\t\t\t\t<\/div>\n\t\t\t\t<div class=\"elementor-element elementor-element-a359b08 elementor-widget elementor-widget-text-editor\" data-id=\"a359b08\" data-element_type=\"widget\" data-widget_type=\"text-editor.default\">\n\t\t\t\t<div class=\"elementor-widget-container\">\n\t\t\t<style>\/*! elementor - v3.17.0 - 08-11-2023 *\/\n.elementor-widget-text-editor.elementor-drop-cap-view-stacked .elementor-drop-cap{background-color:#69727d;color:#fff}.elementor-widget-text-editor.elementor-drop-cap-view-framed .elementor-drop-cap{color:#69727d;border:3px solid;background-color:transparent}.elementor-widget-text-editor:not(.elementor-drop-cap-view-default) .elementor-drop-cap{margin-top:8px}.elementor-widget-text-editor:not(.elementor-drop-cap-view-default) .elementor-drop-cap-letter{width:1em;height:1em}.elementor-widget-text-editor .elementor-drop-cap{float:left;text-align:center;line-height:1;font-size:50px}.elementor-widget-text-editor .elementor-drop-cap-letter{display:inline-block}<\/style>\t\t\t\t<p>Muitas vezes voc\u00ea tem o desejo de contribuir com o trabalho mission\u00e1rio, mas n\u00e3o sabe como fazer. Por esta raz\u00e3o, estamos aqui para te passar 3 modos de fazer a sua oferta chegar no campo mission\u00e1rio:<\/p>\t\t\t\t\t\t<\/div>\n\t\t\t\t<\/div>\n\t\t\t\t<div class=\"elementor-element elementor-element-318c4c7 elementor-align-left elementor-icon-list--layout-traditional elementor-list-item-link-full_width elementor-widget elementor-widget-icon-list\" data-id=\"318c4c7\" data-element_type=\"widget\" data-widget_type=\"icon-list.default\">\n\t\t\t\t<div class=\"elementor-widget-container\">\n\t\t\t<link rel=\"stylesheet\" href=\"https:\/\/avivamentobiblico.org\/missoes\/wp-content\/plugins\/elementor\/assets\/css\/widget-icon-list.min.css\">\t\t<ul class=\"elementor-icon-list-items\">\n\t\t\t\t\t\t\t<li class=\"elementor-icon-list-item\">\n\t\t\t\t\t\t\t\t\t\t\t<span class=\"elementor-icon-list-icon\">\n\t\t\t\t\t\t\t<i aria-hidden=\"true\" class=\"fas fa-check-circle\"><\/i>\t\t\t\t\t\t<\/span>\n\t\t\t\t\t\t\t\t\t\t<span class=\"elementor-icon-list-text\">Voc\u00ea pode separar uma Oferta Especial para Miss\u00f5es e entregar na sua congrega\u00e7\u00e3o. Indique no envelope com o dinheiro ou comunique ao tesoureiro\/obreiro respons\u00e1vel pela coleta, que o valor entregue se trata de uma Oferta Mission\u00e1ria;<\/span>\n\t\t\t\t\t\t\t\t\t<\/li>\n\t\t\t\t\t\t\t\t<li class=\"elementor-icon-list-item\">\n\t\t\t\t\t\t\t\t\t\t\t<span class=\"elementor-icon-list-icon\">\n\t\t\t\t\t\t\t<i aria-hidden=\"true\" class=\"fas fa-check-circle\"><\/i>\t\t\t\t\t\t<\/span>\n\t\t\t\t\t\t\t\t\t\t<span class=\"elementor-icon-list-text\">Caso n\u00e3o haja coleta de miss\u00f5es em sua congrega\u00e7\u00e3o ou voc\u00ea seja de outra denomina\u00e7\u00e3o, fa\u00e7a o seu dep\u00f3sito\/transfer\u00eancia direto na conta da Diretoria Geral de Evangelismo e Miss\u00f5es (DGEM);<\/span>\n\t\t\t\t\t\t\t\t\t<\/li>\n\t\t\t\t\t\t\t\t<li class=\"elementor-icon-list-item\">\n\t\t\t\t\t\t\t\t\t\t\t<span class=\"elementor-icon-list-icon\">\n\t\t\t\t\t\t\t<i aria-hidden=\"true\" class=\"fas fa-check-circle\"><\/i>\t\t\t\t\t\t<\/span>\n\t\t\t\t\t\t\t\t\t\t<span class=\"elementor-icon-list-text\">Se voc\u00ea deseja ofertar para um projeto espec\u00edfico, basta mencionar isso quando enviar o comprovante pelo WhatsApp ou e-mail.<\/span>\n\t\t\t\t\t\t\t\t\t<\/li>\n\t\t\t\t\t\t<\/ul>\n\t\t\t\t<\/div>\n\t\t\t\t<\/div>\n\t\t\t\t<div class=\"elementor-element elementor-element-cd1649d elementor-widget__width-initial elementor-widget elementor-widget-text-editor\" data-id=\"cd1649d\" data-element_type=\"widget\" data-widget_type=\"text-editor.default\">\n\t\t\t\t<div class=\"elementor-widget-container\">\n\t\t\t\t\t\t\t<p>Lembre-se: Qualquer dep\u00f3sito ou transfer\u00eancia na conta da Diretoria Geral de Evangelismo e Miss\u00f5es, pedimos gentilmente que nos envie uma FOTO do comprovante de dep\u00f3sito, atrav\u00e9s do nosso WhatsApp, com seu nome e cidade. Assim, podemos ter mais controle de todas as ofertas direcionadas para a Obra Mission\u00e1ria.<br \/><br \/><\/p><p>Whatsapp: (11) 94168-5491<br \/><br \/><\/p><p><strong>CONTA PARA DEP\u00d3SITO<\/strong><\/p><p>BANCO: BRADESCO<br \/>AG\u00caNCIA: 591<br \/>CONTA CORRENTE: 88000-0<br \/>Em nome do Conselho Geral da Igreja<br \/>Evang\u00e9lica Avivamento B\u00edblico<br \/>CNPJ: 05.620.322\/0001-57<br \/><br \/><\/p><p><strong>Oferte tamb\u00e9m atrav\u00e9s do PIX:<\/strong><\/p><p>Chave PIX: financeiro@avivamissoes.com.br<\/p>\t\t\t\t\t\t<\/div>\n\t\t\t\t<\/div>\n\t\t\t\t<div class=\"elementor-element elementor-element-53ca04a elementor-widget elementor-widget-image\" data-id=\"53ca04a\" data-element_type=\"widget\" data-widget_type=\"image.default\">\n\t\t\t\t<div class=\"elementor-widget-container\">\n\t\t\t<style>\/*! elementor - v3.17.0 - 08-11-2023 *\/\n.elementor-widget-image{text-align:center}.elementor-widget-image a{display:inline-block}.elementor-widget-image a img[src$=\".svg\"]{width:48px}.elementor-widget-image img{vertical-align:middle;display:inline-block}<\/style>\t\t\t\t\t\t\t\t\t\t\t\t<img fetchpriority=\"high\" decoding=\"async\" width=\"1024\" height=\"161\" src=\"https:\/\/avivamentobiblico.org\/evangelismoemissoes\/wp-content\/uploads\/2024\/02\/pix.png\" class=\"attachment-large size-large wp-image-546\" alt=\"\" srcset=\"https:\/\/avivamentobiblico.org\/evangelismoemissoes\/wp-content\/uploads\/2024\/02\/pix.png 1024w, https:\/\/avivamentobiblico.org\/evangelismoemissoes\/wp-content\/uploads\/2024\/02\/pix-300x47.png 300w, https:\/\/avivamentobiblico.org\/evangelismoemissoes\/wp-content\/uploads\/2024\/02\/pix-768x121.png 768w\" sizes=\"(max-width: 1024px) 100vw, 1024px\" \/>\t\t\t\t\t\t\t\t\t\t\t\t\t\t\t<\/div>\n\t\t\t\t<\/div>\n\t\t\t\t<div class=\"elementor-element elementor-element-d8833ab elementor-widget elementor-widget-text-editor\" data-id=\"d8833ab\" data-element_type=\"widget\" data-widget_type=\"text-editor.default\">\n\t\t\t\t<div class=\"elementor-widget-container\">\n\t\t\t\t\t\t\t<p>Fa\u00e7a parte dessa obra! Se voc\u00ea n\u00e3o pode ir, contribua no envio de pessoas. <br \/>Um forte abra\u00e7o! <br \/>Equipe DGEM<\/p>\t\t\t\t\t\t<\/div>\n\t\t\t\t<\/div>\n\t\t\t\t\t<\/div>\n\t\t\t\t<\/div>\n\t\t\t\t\t\t\t<\/div>\n\t\t","protected":false},"excerpt":{"rendered":"<p>Querido mission\u00e1rio digital Muitas vezes voc\u00ea tem o desejo de contribuir com o trabalho mission\u00e1rio, mas n\u00e3o sabe como fazer. Por esta raz\u00e3o, estamos aqui para te passar 3 modos de fazer a sua oferta chegar no campo mission\u00e1rio: Voc\u00ea pode separar uma Oferta Especial para Miss\u00f5es e entregar na sua congrega\u00e7\u00e3o. Indique no envelope [&hellip;]<\/p>\n","protected":false},"author":1,"featured_media":0,"parent":0,"menu_order":0,"comment_status":"closed","ping_status":"closed","template":"elementor_header_footer","meta":{"footnotes":""},"class_list":["post-522","page","type-page","status-publish","hentry"],"acf":[],"_links":{"self":[{"href":"https:\/\/avivamentobiblico.org\/evangelismoemissoes\/wp-json\/wp\/v2\/pages\/522","targetHints":{"allow":["GET"]}}],"collection":[{"href":"https:\/\/avivamentobiblico.org\/evangelismoemissoes\/wp-json\/wp\/v2\/pages"}],"about":[{"href":"https:\/\/avivamentobiblico.org\/evangelismoemissoes\/wp-json\/wp\/v2\/types\/page"}],"author":[{"embeddable":true,"href":"https:\/\/avivamentobiblico.org\/evangelismoemissoes\/wp-json\/wp\/v2\/users\/1"}],"replies":[{"embeddable":true,"href":"https:\/\/avivamentobiblico.org\/evangelismoemissoes\/wp-json\/wp\/v2\/comments?post=522"}],"version-history":[{"count":31,"href":"https:\/\/avivamentobiblico.org\/evangelismoemissoes\/wp-json\/wp\/v2\/pages\/522\/revisions"}],"predecessor-version":[{"id":893,"href":"https:\/\/avivamentobiblico.org\/evangelismoemissoes\/wp-json\/wp\/v2\/pages\/522\/revisions\/893"}],"wp:attachment":[{"href":"https:\/\/avivamentobiblico.org\/evangelismoemissoes\/wp-json\/wp\/v2\/media?parent=522"}],"curies":[{"name":"wp","href":"https:\/\/api.w.org\/{rel}","templated":true}]}}