{"id":522,"date":"2024-02-19T16:12:19","date_gmt":"2024-02-19T16:12:19","guid":{"rendered":"https:\/\/avivamentobiblico.org\/culturaeeducacaocrista\/?page_id=522"},"modified":"2024-02-29T11:33:08","modified_gmt":"2024-02-29T11:33:08","slug":"oferte","status":"publish","type":"page","link":"https:\/\/avivamentobiblico.org\/culturaeeducacaocrista\/oferte\/","title":{"rendered":"Oferte"},"content":{"rendered":"\t\t<div data-elementor-type=\"wp-page\" data-elementor-id=\"522\" class=\"elementor elementor-522\" data-elementor-post-type=\"page\">\n\t\t\t\t\t\t\t<div class=\"elementor-element elementor-element-55f6693d e-con-full e-flex e-con e-parent\" data-id=\"55f6693d\" data-element_type=\"container\" data-settings=\"{&quot;content_width&quot;:&quot;full&quot;,&quot;background_background&quot;:&quot;slideshow&quot;,&quot;background_slideshow_gallery&quot;:[{&quot;id&quot;:718,&quot;url&quot;:&quot;https:\\\/\\\/avivamentobiblico.org\\\/culturaeeducacaocrista\\\/wp-content\\\/uploads\\\/2024\\\/02\\\/group-of-christian-people-reading-and-study-bible-2023-11-27-04-53-01-utc-1-scaled.webp&quot;}],&quot;background_slideshow_loop&quot;:&quot;yes&quot;,&quot;background_slideshow_slide_duration&quot;:5000,&quot;background_slideshow_slide_transition&quot;:&quot;fade&quot;,&quot;background_slideshow_transition_duration&quot;:500}\" data-core-v316-plus=\"true\">\n\t\t\t\t<div class=\"elementor-element elementor-element-4da54161 elementor-widget__width-inherit elementor-widget elementor-widget-wp-widget-custom_html\" data-id=\"4da54161\" data-element_type=\"widget\" data-widget_type=\"wp-widget-custom_html.default\">\n\t\t\t\t<div class=\"elementor-widget-container\">\n\t\t\t<div class=\"textwidget custom-html-widget\"> <section class=\"page-header\">\r\n           \r\n            <div class=\"container\">\r\n                <div class=\"page-header__inner\">\r\n                    <ul class=\"thm-breadcrumb list-unstyled\">\r\n                        <li><a href=\"index.html\">Home<\/a><\/li>\r\n                        <li><span>\/<\/span><\/li>\r\n                        <li>Oferte<\/li>\r\n                    <\/ul>\r\n                    <h2>Oferte<\/h2>\r\n                <\/div>\r\n            <\/div>\r\n        <\/section><\/div>\t\t<\/div>\n\t\t\t\t<\/div>\n\t\t\t\t<\/div>\n\t\t<div class=\"elementor-element elementor-element-98e29ef e-flex e-con-boxed e-con e-parent\" data-id=\"98e29ef\" data-element_type=\"container\" data-settings=\"{&quot;content_width&quot;:&quot;boxed&quot;}\" data-core-v316-plus=\"true\">\n\t\t\t\t\t<div class=\"e-con-inner\">\n\t\t\t\t<div class=\"elementor-element elementor-element-6d44d5d elementor-widget elementor-widget-heading\" data-id=\"6d44d5d\" data-element_type=\"widget\" data-widget_type=\"heading.default\">\n\t\t\t\t<div class=\"elementor-widget-container\">\n\t\t\t<style>\/*! elementor - v3.17.0 - 08-11-2023 *\/\n.elementor-heading-title{padding:0;margin:0;line-height:1}.elementor-widget-heading .elementor-heading-title[class*=elementor-size-]>a{color:inherit;font-size:inherit;line-height:inherit}.elementor-widget-heading .elementor-heading-title.elementor-size-small{font-size:15px}.elementor-widget-heading .elementor-heading-title.elementor-size-medium{font-size:19px}.elementor-widget-heading .elementor-heading-title.elementor-size-large{font-size:29px}.elementor-widget-heading .elementor-heading-title.elementor-size-xl{font-size:39px}.elementor-widget-heading .elementor-heading-title.elementor-size-xxl{font-size:59px}<\/style><h1 class=\"elementor-heading-title elementor-size-default\">Sua generosidade faz toda a\ndiferen\u00e7a!<\/h1>\t\t<\/div>\n\t\t\t\t<\/div>\n\t\t\t\t<div class=\"elementor-element elementor-element-6333f40 elementor-widget elementor-widget-text-editor\" data-id=\"6333f40\" data-element_type=\"widget\" data-widget_type=\"text-editor.default\">\n\t\t\t\t<div class=\"elementor-widget-container\">\n\t\t\t<style>\/*! elementor - v3.17.0 - 08-11-2023 *\/\n.elementor-widget-text-editor.elementor-drop-cap-view-stacked .elementor-drop-cap{background-color:#69727d;color:#fff}.elementor-widget-text-editor.elementor-drop-cap-view-framed .elementor-drop-cap{color:#69727d;border:3px solid;background-color:transparent}.elementor-widget-text-editor:not(.elementor-drop-cap-view-default) .elementor-drop-cap{margin-top:8px}.elementor-widget-text-editor:not(.elementor-drop-cap-view-default) .elementor-drop-cap-letter{width:1em;height:1em}.elementor-widget-text-editor .elementor-drop-cap{float:left;text-align:center;line-height:1;font-size:50px}.elementor-widget-text-editor .elementor-drop-cap-letter{display:inline-block}<\/style>\t\t\t\t<p>Sua oferta ajudar\u00e1 a manter nosso Semin\u00e1rio, principalmente o curso interno, onde jovens saem de suas casas para se dedicarem integralmente aos estudos e prepara\u00e7\u00e3o teol\u00f3gica\/ministerial, ap\u00f3s conclu\u00edrem o curso s\u00e3o enviados ao campo de atua\u00e7\u00e3o conforme a voca\u00e7\u00e3o seja na evangeliza\u00e7\u00e3o, miss\u00f5es, pastoreio ou educa\u00e7\u00e3o.<\/p>\t\t\t\t\t\t<\/div>\n\t\t\t\t<\/div>\n\t\t\t\t<div class=\"elementor-element elementor-element-318c4c7 elementor-align-left elementor-icon-list--layout-traditional elementor-list-item-link-full_width elementor-widget elementor-widget-icon-list\" data-id=\"318c4c7\" data-element_type=\"widget\" data-widget_type=\"icon-list.default\">\n\t\t\t\t<div class=\"elementor-widget-container\">\n\t\t\t<link rel=\"stylesheet\" href=\"https:\/\/avivamentobiblico.org\/culturaeeducacaocrista\/wp-content\/plugins\/elementor\/assets\/css\/widget-icon-list.min.css\">\t\t<ul class=\"elementor-icon-list-items\">\n\t\t\t\t\t\t\t<li class=\"elementor-icon-list-item\">\n\t\t\t\t\t\t\t\t\t\t\t<span class=\"elementor-icon-list-icon\">\n\t\t\t\t\t\t\t<i aria-hidden=\"true\" class=\"fas fa-check-circle\"><\/i>\t\t\t\t\t\t<\/span>\n\t\t\t\t\t\t\t\t\t\t<span class=\"elementor-icon-list-text\">Sua generosidade est\u00e1 fazendo a diferen\u00e7a e oramos para que Deus aben\u00e7oe a sua vida e fam\u00edlia.<\/span>\n\t\t\t\t\t\t\t\t\t<\/li>\n\t\t\t\t\t\t<\/ul>\n\t\t\t\t<\/div>\n\t\t\t\t<\/div>\n\t\t\t\t<div class=\"elementor-element elementor-element-cd1649d elementor-widget__width-initial elementor-widget elementor-widget-text-editor\" data-id=\"cd1649d\" data-element_type=\"widget\" data-widget_type=\"text-editor.default\">\n\t\t\t\t<div class=\"elementor-widget-container\">\n\t\t\t\t\t\t\t<p><strong>Dados banc\u00e1rios:<br \/><\/strong><\/p><p>Chave PIX. E-mail: seab.dgcec@gmail.com ou transfer\u00eancia para: Bradesco AG 557 Cc 69680-3 Semin\u00e1rio Evang\u00e9lico Avivamento B\u00edblico.<br \/>Voc\u00ea pode enviar o comprovante via e-mail: seab.dgcec@gmail.com<\/p>\t\t\t\t\t\t<\/div>\n\t\t\t\t<\/div>\n\t\t\t\t<div class=\"elementor-element elementor-element-d8833ab elementor-widget elementor-widget-text-editor\" data-id=\"d8833ab\" data-element_type=\"widget\" data-widget_type=\"text-editor.default\">\n\t\t\t\t<div class=\"elementor-widget-container\">\n\t\t\t\t\t\t\t<p>Agradecemos por sua oferta. A B\u00edblia diz: \u201cQue cada um d\u00ea a sua oferta conforme resolveu no seu cora\u00e7\u00e3o, n\u00e3o com tristeza nem por obriga\u00e7\u00e3o, pois Deus ama quem d\u00e1 com alegria.\u201d 2 Cor\u00edntios 9, 7 (NTLH).<\/p>\t\t\t\t\t\t<\/div>\n\t\t\t\t<\/div>\n\t\t\t\t<div class=\"elementor-element elementor-element-f53ac30 gallery-spacing-custom elementor-widget elementor-widget-image-gallery\" data-id=\"f53ac30\" data-element_type=\"widget\" data-widget_type=\"image-gallery.default\">\n\t\t\t\t<div class=\"elementor-widget-container\">\n\t\t\t<style>\/*! elementor - v3.17.0 - 08-11-2023 *\/\n.elementor-image-gallery .gallery-item{display:inline-block;text-align:center;vertical-align:top;width:100%;max-width:100%;margin:0 auto}.elementor-image-gallery .gallery-item img{margin:0 auto}.elementor-image-gallery .gallery-item .gallery-caption{margin:0}.elementor-image-gallery figure img{display:block}.elementor-image-gallery figure figcaption{width:100%}.gallery-spacing-custom .elementor-image-gallery .gallery-icon{padding:0}@media (min-width:768px){.elementor-image-gallery .gallery-columns-2 .gallery-item{max-width:50%}.elementor-image-gallery .gallery-columns-3 .gallery-item{max-width:33.33%}.elementor-image-gallery .gallery-columns-4 .gallery-item{max-width:25%}.elementor-image-gallery .gallery-columns-5 .gallery-item{max-width:20%}.elementor-image-gallery .gallery-columns-6 .gallery-item{max-width:16.666%}.elementor-image-gallery .gallery-columns-7 .gallery-item{max-width:14.28%}.elementor-image-gallery .gallery-columns-8 .gallery-item{max-width:12.5%}.elementor-image-gallery .gallery-columns-9 .gallery-item{max-width:11.11%}.elementor-image-gallery .gallery-columns-10 .gallery-item{max-width:10%}}@media (min-width:480px) and (max-width:767px){.elementor-image-gallery .gallery.gallery-columns-2 .gallery-item,.elementor-image-gallery .gallery.gallery-columns-3 .gallery-item,.elementor-image-gallery .gallery.gallery-columns-4 .gallery-item,.elementor-image-gallery .gallery.gallery-columns-5 .gallery-item,.elementor-image-gallery .gallery.gallery-columns-6 .gallery-item,.elementor-image-gallery .gallery.gallery-columns-7 .gallery-item,.elementor-image-gallery .gallery.gallery-columns-8 .gallery-item,.elementor-image-gallery .gallery.gallery-columns-9 .gallery-item,.elementor-image-gallery .gallery.gallery-columns-10 .gallery-item{max-width:50%}}@media (max-width:479px){.elementor-image-gallery .gallery.gallery-columns-2 .gallery-item,.elementor-image-gallery .gallery.gallery-columns-3 .gallery-item,.elementor-image-gallery .gallery.gallery-columns-4 .gallery-item,.elementor-image-gallery .gallery.gallery-columns-5 .gallery-item,.elementor-image-gallery .gallery.gallery-columns-6 .gallery-item,.elementor-image-gallery .gallery.gallery-columns-7 .gallery-item,.elementor-image-gallery .gallery.gallery-columns-8 .gallery-item,.elementor-image-gallery .gallery.gallery-columns-9 .gallery-item,.elementor-image-gallery .gallery.gallery-columns-10 .gallery-item{max-width:100%}}<\/style>\t\t<div class=\"elementor-image-gallery\">\n\t\t\t\n\t\t<style type=\"text\/css\">\n\t\t\t#gallery-1 {\n\t\t\t\tmargin: auto;\n\t\t\t}\n\t\t\t#gallery-1 .gallery-item {\n\t\t\t\tfloat: left;\n\t\t\t\tmargin-top: 10px;\n\t\t\t\ttext-align: center;\n\t\t\t\twidth: 50%;\n\t\t\t}\n\t\t\t#gallery-1 img {\n\t\t\t\tborder: 2px solid #cfcfcf;\n\t\t\t}\n\t\t\t#gallery-1 .gallery-caption {\n\t\t\t\tmargin-left: 0;\n\t\t\t}\n\t\t\t\/* see gallery_shortcode() in wp-includes\/media.php *\/\n\t\t<\/style>\n\t\t<div id='gallery-1' class='gallery galleryid-522 gallery-columns-2 gallery-size-medium_large'><dl class='gallery-item'>\n\t\t\t<dt class='gallery-icon landscape'>\n\t\t\t\t<a data-elementor-open-lightbox=\"yes\" data-elementor-lightbox-slideshow=\"f53ac30\" data-elementor-lightbox-title=\"detail-of-two-girls-talking-over-open-bibles-and-n-2023-11-27-05-07-32-utc\" data-e-action-hash=\"#elementor-action%3Aaction%3Dlightbox%26settings%3DeyJpZCI6NzIwLCJ1cmwiOiJodHRwczpcL1wvYXZpdmFtZW50b2JpYmxpY28ub3JnXC9jdWx0dXJhZWVkdWNhY2FvY3Jpc3RhXC93cC1jb250ZW50XC91cGxvYWRzXC8yMDI0XC8wMlwvZGV0YWlsLW9mLXR3by1naXJscy10YWxraW5nLW92ZXItb3Blbi1iaWJsZXMtYW5kLW4tMjAyMy0xMS0yNy0wNS0wNy0zMi11dGMud2VicCIsInNsaWRlc2hvdyI6ImY1M2FjMzAifQ%3D%3D\" href='https:\/\/avivamentobiblico.org\/culturaeeducacaocrista\/wp-content\/uploads\/2024\/02\/detail-of-two-girls-talking-over-open-bibles-and-n-2023-11-27-05-07-32-utc.webp'><img fetchpriority=\"high\" decoding=\"async\" width=\"768\" height=\"505\" src=\"https:\/\/avivamentobiblico.org\/culturaeeducacaocrista\/wp-content\/uploads\/2024\/02\/detail-of-two-girls-talking-over-open-bibles-and-n-2023-11-27-05-07-32-utc-768x505.webp\" class=\"attachment-medium_large size-medium_large\" alt=\"\" srcset=\"https:\/\/avivamentobiblico.org\/culturaeeducacaocrista\/wp-content\/uploads\/2024\/02\/detail-of-two-girls-talking-over-open-bibles-and-n-2023-11-27-05-07-32-utc-768x505.webp 768w, https:\/\/avivamentobiblico.org\/culturaeeducacaocrista\/wp-content\/uploads\/2024\/02\/detail-of-two-girls-talking-over-open-bibles-and-n-2023-11-27-05-07-32-utc-300x197.webp 300w, https:\/\/avivamentobiblico.org\/culturaeeducacaocrista\/wp-content\/uploads\/2024\/02\/detail-of-two-girls-talking-over-open-bibles-and-n-2023-11-27-05-07-32-utc-1024x673.webp 1024w, https:\/\/avivamentobiblico.org\/culturaeeducacaocrista\/wp-content\/uploads\/2024\/02\/detail-of-two-girls-talking-over-open-bibles-and-n-2023-11-27-05-07-32-utc-1536x1009.webp 1536w, https:\/\/avivamentobiblico.org\/culturaeeducacaocrista\/wp-content\/uploads\/2024\/02\/detail-of-two-girls-talking-over-open-bibles-and-n-2023-11-27-05-07-32-utc-2048x1346.webp 2048w\" sizes=\"(max-width: 768px) 100vw, 768px\" \/><\/a>\n\t\t\t<\/dt><\/dl><dl class='gallery-item'>\n\t\t\t<dt class='gallery-icon landscape'>\n\t\t\t\t<a data-elementor-open-lightbox=\"yes\" data-elementor-lightbox-slideshow=\"f53ac30\" data-elementor-lightbox-title=\"shallow-focus-shot-of-a-male-near-a-speech-stand-w-2023-11-27-04-51-35-utc\" data-e-action-hash=\"#elementor-action%3Aaction%3Dlightbox%26settings%3DeyJpZCI6NzE5LCJ1cmwiOiJodHRwczpcL1wvYXZpdmFtZW50b2JpYmxpY28ub3JnXC9jdWx0dXJhZWVkdWNhY2FvY3Jpc3RhXC93cC1jb250ZW50XC91cGxvYWRzXC8yMDI0XC8wMlwvc2hhbGxvdy1mb2N1cy1zaG90LW9mLWEtbWFsZS1uZWFyLWEtc3BlZWNoLXN0YW5kLXctMjAyMy0xMS0yNy0wNC01MS0zNS11dGMtc2NhbGVkLndlYnAiLCJzbGlkZXNob3ciOiJmNTNhYzMwIn0%3D\" href='https:\/\/avivamentobiblico.org\/culturaeeducacaocrista\/wp-content\/uploads\/2024\/02\/shallow-focus-shot-of-a-male-near-a-speech-stand-w-2023-11-27-04-51-35-utc-scaled.webp'><img decoding=\"async\" width=\"768\" height=\"511\" src=\"https:\/\/avivamentobiblico.org\/culturaeeducacaocrista\/wp-content\/uploads\/2024\/02\/shallow-focus-shot-of-a-male-near-a-speech-stand-w-2023-11-27-04-51-35-utc-768x511.webp\" class=\"attachment-medium_large size-medium_large\" alt=\"\" srcset=\"https:\/\/avivamentobiblico.org\/culturaeeducacaocrista\/wp-content\/uploads\/2024\/02\/shallow-focus-shot-of-a-male-near-a-speech-stand-w-2023-11-27-04-51-35-utc-768x511.webp 768w, https:\/\/avivamentobiblico.org\/culturaeeducacaocrista\/wp-content\/uploads\/2024\/02\/shallow-focus-shot-of-a-male-near-a-speech-stand-w-2023-11-27-04-51-35-utc-300x200.webp 300w, https:\/\/avivamentobiblico.org\/culturaeeducacaocrista\/wp-content\/uploads\/2024\/02\/shallow-focus-shot-of-a-male-near-a-speech-stand-w-2023-11-27-04-51-35-utc-1024x681.webp 1024w, https:\/\/avivamentobiblico.org\/culturaeeducacaocrista\/wp-content\/uploads\/2024\/02\/shallow-focus-shot-of-a-male-near-a-speech-stand-w-2023-11-27-04-51-35-utc-1536x1022.webp 1536w, https:\/\/avivamentobiblico.org\/culturaeeducacaocrista\/wp-content\/uploads\/2024\/02\/shallow-focus-shot-of-a-male-near-a-speech-stand-w-2023-11-27-04-51-35-utc-2048x1363.webp 2048w\" sizes=\"(max-width: 768px) 100vw, 768px\" \/><\/a>\n\t\t\t<\/dt><\/dl><br style=\"clear: both\" \/>\n\t\t<\/div>\n\t\t<\/div>\n\t\t\t\t<\/div>\n\t\t\t\t<\/div>\n\t\t\t\t\t<\/div>\n\t\t\t\t<\/div>\n\t\t\t\t\t\t\t<\/div>\n\t\t","protected":false},"excerpt":{"rendered":"<p>Sua generosidade faz toda a diferen\u00e7a! Sua oferta ajudar\u00e1 a manter nosso Semin\u00e1rio, principalmente o curso interno, onde jovens saem de suas casas para se dedicarem integralmente aos estudos e prepara\u00e7\u00e3o teol\u00f3gica\/ministerial, ap\u00f3s conclu\u00edrem o curso s\u00e3o enviados ao campo de atua\u00e7\u00e3o conforme a voca\u00e7\u00e3o seja na evangeliza\u00e7\u00e3o, miss\u00f5es, pastoreio ou educa\u00e7\u00e3o. Sua generosidade est\u00e1 [&hellip;]<\/p>\n","protected":false},"author":1,"featured_media":0,"parent":0,"menu_order":0,"comment_status":"closed","ping_status":"closed","template":"elementor_header_footer","meta":{"_acf_changed":false,"footnotes":""},"class_list":["post-522","page","type-page","status-publish","hentry"],"acf":[],"_links":{"self":[{"href":"https:\/\/avivamentobiblico.org\/culturaeeducacaocrista\/wp-json\/wp\/v2\/pages\/522","targetHints":{"allow":["GET"]}}],"collection":[{"href":"https:\/\/avivamentobiblico.org\/culturaeeducacaocrista\/wp-json\/wp\/v2\/pages"}],"about":[{"href":"https:\/\/avivamentobiblico.org\/culturaeeducacaocrista\/wp-json\/wp\/v2\/types\/page"}],"author":[{"embeddable":true,"href":"https:\/\/avivamentobiblico.org\/culturaeeducacaocrista\/wp-json\/wp\/v2\/users\/1"}],"replies":[{"embeddable":true,"href":"https:\/\/avivamentobiblico.org\/culturaeeducacaocrista\/wp-json\/wp\/v2\/comments?post=522"}],"version-history":[{"count":31,"href":"https:\/\/avivamentobiblico.org\/culturaeeducacaocrista\/wp-json\/wp\/v2\/pages\/522\/revisions"}],"predecessor-version":[{"id":723,"href":"https:\/\/avivamentobiblico.org\/culturaeeducacaocrista\/wp-json\/wp\/v2\/pages\/522\/revisions\/723"}],"wp:attachment":[{"href":"https:\/\/avivamentobiblico.org\/culturaeeducacaocrista\/wp-json\/wp\/v2\/media?parent=522"}],"curies":[{"name":"wp","href":"https:\/\/api.w.org\/{rel}","templated":true}]}}