{"id":705,"date":"2024-03-18T17:25:30","date_gmt":"2024-03-18T17:25:30","guid":{"rendered":"https:\/\/avivamentobiblico.org\/acaosocial\/?page_id=705"},"modified":"2025-08-14T02:37:15","modified_gmt":"2025-08-14T02:37:15","slug":"nossa-equipe","status":"publish","type":"page","link":"https:\/\/avivamentobiblico.org\/acaosocial\/nossa-equipe\/","title":{"rendered":"Nossa Equipe"},"content":{"rendered":"\t\t<div data-elementor-type=\"wp-page\" data-elementor-id=\"705\" class=\"elementor elementor-705\" data-elementor-post-type=\"page\">\n\t\t\t\t\t\t\t<div class=\"elementor-element elementor-element-8098e1a e-con-full e-flex e-con e-parent\" data-id=\"8098e1a\" data-element_type=\"container\" data-settings=\"{&quot;content_width&quot;:&quot;full&quot;,&quot;background_background&quot;:&quot;slideshow&quot;,&quot;background_slideshow_gallery&quot;:[{&quot;id&quot;:606,&quot;url&quot;:&quot;https:\\\/\\\/avivamentobiblico.org\\\/acaosocial\\\/wp-content\\\/uploads\\\/2024\\\/02\\\/brazil-flag-on-the-pin-with-red-thread-showed-the-2023-04-04-17-52-02-utc-scaled.webp&quot;}],&quot;background_slideshow_loop&quot;:&quot;yes&quot;,&quot;background_slideshow_slide_duration&quot;:5000,&quot;background_slideshow_slide_transition&quot;:&quot;fade&quot;,&quot;background_slideshow_transition_duration&quot;:500}\" data-core-v316-plus=\"true\">\n\t\t\t\t<div class=\"elementor-element elementor-element-97d8a62 elementor-widget__width-inherit elementor-widget elementor-widget-wp-widget-custom_html\" data-id=\"97d8a62\" data-element_type=\"widget\" data-widget_type=\"wp-widget-custom_html.default\">\n\t\t\t\t<div class=\"elementor-widget-container\">\n\t\t\t<div class=\"textwidget custom-html-widget\"> <section class=\"page-header\">\r\n           \r\n            <div class=\"container\">\r\n                <div class=\"page-header__inner\">\r\n                    <ul class=\"thm-breadcrumb list-unstyled\">\r\n                        <li><a href=\"https:\/\/avivamentobiblico.org\/acaosocial\">Home<\/a><\/li>\r\n                        <li><span>\/<\/span><\/li>\r\n                        <li>Nossa Equipe<\/li>\r\n                    <\/ul>\r\n                    <h2>Nossa Equipe<\/h2>\r\n                <\/div>\r\n            <\/div>\r\n        <\/section><\/div>\t\t<\/div>\n\t\t\t\t<\/div>\n\t\t\t\t<\/div>\n\t\t<div class=\"elementor-element elementor-element-e2641be e-flex e-con-boxed elementor-invisible e-con e-parent\" data-id=\"e2641be\" data-element_type=\"container\" data-settings=\"{&quot;animation&quot;:&quot;fadeInUp&quot;,&quot;content_width&quot;:&quot;boxed&quot;}\" data-core-v316-plus=\"true\">\n\t\t\t\t\t<div class=\"e-con-inner\">\n\t\t\t\t<div class=\"elementor-element elementor-element-dfe9e0d elementor-grid-4 elementor-grid-mobile-2 elementor-grid-tablet-3 elementor-widget elementor-widget-loop-grid\" data-id=\"dfe9e0d\" data-element_type=\"widget\" data-settings=\"{&quot;template_id&quot;:&quot;351&quot;,&quot;columns&quot;:4,&quot;columns_mobile&quot;:2,&quot;columns_tablet&quot;:3,&quot;_skin&quot;:&quot;post&quot;,&quot;edit_handle_selector&quot;:&quot;[data-elementor-type=\\&quot;loop-item\\&quot;]&quot;,&quot;row_gap&quot;:{&quot;unit&quot;:&quot;px&quot;,&quot;size&quot;:&quot;&quot;,&quot;sizes&quot;:[]},&quot;row_gap_tablet&quot;:{&quot;unit&quot;:&quot;px&quot;,&quot;size&quot;:&quot;&quot;,&quot;sizes&quot;:[]},&quot;row_gap_mobile&quot;:{&quot;unit&quot;:&quot;px&quot;,&quot;size&quot;:&quot;&quot;,&quot;sizes&quot;:[]}}\" data-widget_type=\"loop-grid.post\">\n\t\t\t\t<div class=\"elementor-widget-container\">\n\t\t\t<link rel=\"stylesheet\" href=\"https:\/\/avivamentobiblico.org\/acaosocial\/wp-content\/plugins\/elementor-pro\/assets\/css\/widget-loop-builder.min.css\">\t\t<div class=\"elementor-loop-container elementor-grid\">\n\t\t<style id=\"loop-351\">.elementor-351 .elementor-element.elementor-element-4c34064{--display:flex;--background-transition:0.3s;}.elementor-351 .elementor-element.elementor-element-ead8b88 img{transition-duration:1s;}.elementor-351 .elementor-element.elementor-element-ead8b88.elementor-element{--align-self:center;--order:-99999 \/* order start hack *\/;--flex-grow:0;--flex-shrink:0;}body:not(.rtl) .elementor-351 .elementor-element.elementor-element-ead8b88{left:-2px;}body.rtl .elementor-351 .elementor-element.elementor-element-ead8b88{right:-2px;}.elementor-351 .elementor-element.elementor-element-ead8b88{top:19px;}.elementor-351 .elementor-element.elementor-element-423ed0c{--display:flex;--background-transition:0.3s;}.elementor-351 .elementor-element.elementor-element-c1c7f0e{text-align:center;}.elementor-351 .elementor-element.elementor-element-c1c7f0e > .elementor-widget-container{padding:25px 25px 25px 25px;}.elementor-351 .elementor-element.elementor-element-c1c7f0e:not( .elementor-widget-image ) .elementor-widget-container{-webkit-mask-image:url( https:\/\/avivamentobiblico.org\/acaosocial\/wp-content\/plugins\/elementor\/assets\/\/mask-shapes\/circle.svg );-webkit-mask-size:cover;-webkit-mask-position:center center;}.elementor-351 .elementor-element.elementor-element-c1c7f0e.elementor-widget-image .elementor-widget-container img{-webkit-mask-image:url( https:\/\/avivamentobiblico.org\/acaosocial\/wp-content\/plugins\/elementor\/assets\/\/mask-shapes\/circle.svg );-webkit-mask-size:cover;-webkit-mask-position:center center;}.elementor-351 .elementor-element.elementor-element-d1d4ab5{text-align:center;}.elementor-351 .elementor-element.elementor-element-d1d4ab5 .elementor-heading-title{color:#000C11;font-family:\"DM Sans\", Sans-serif;font-size:21px;font-weight:600;line-height:19px;letter-spacing:-0.9px;}.elementor-351 .elementor-element.elementor-element-65ce9dc{text-align:center;font-family:\"DM Sans\", Sans-serif;font-size:12px;font-weight:400;line-height:15px;}@media(max-width:767px){.elementor-351 .elementor-element.elementor-element-d1d4ab5 .elementor-heading-title{font-size:13px;line-height:1em;}.elementor-351 .elementor-element.elementor-element-65ce9dc{font-size:9px;}}@media(min-width:768px){.elementor-351 .elementor-element.elementor-element-4c34064{--content-width:500px;}}\/* Start custom CSS for image, class: .elementor-element-ead8b88 *\/.elementor-351 .elementor-element.elementor-element-ead8b88:hover img {\n    content: url(https:\/\/avivamentobiblico.org\/acaosocial\/wp-content\/uploads\/2023\/11\/team-one-shape-2-1.png);\n    opacity: 1;\n}\n.elementor-351 .elementor-element.elementor-element-ead8b88 img {\n  transition: all 0.9s ease;\n}\/* End custom CSS *\/<\/style>\t\t<div data-elementor-type=\"loop-item\" data-elementor-id=\"351\" class=\"elementor elementor-351 e-loop-item e-loop-item-695 post-695 nossa-equipe type-nossa-equipe status-publish has-post-thumbnail hentry\" data-elementor-post-type=\"elementor_library\" data-custom-edit-handle=\"1\">\n\t\t\t\t\t\t<div class=\"elementor-element elementor-element-4c34064 e-flex e-con-boxed e-con e-parent\" data-id=\"4c34064\" data-element_type=\"container\" data-settings=\"{&quot;content_width&quot;:&quot;boxed&quot;}\" data-core-v316-plus=\"true\">\n\t\t\t\t\t<div class=\"e-con-inner\">\n\t\t\t\t<div class=\"elementor-element elementor-element-ead8b88 elementor-absolute elementor-widget elementor-widget-image\" data-id=\"ead8b88\" data-element_type=\"widget\" data-settings=\"{&quot;_position&quot;:&quot;absolute&quot;}\" data-widget_type=\"image.default\">\n\t\t\t\t<div class=\"elementor-widget-container\">\n\t\t\t<style>\/*! elementor - v3.17.0 - 08-11-2023 *\/\n.elementor-widget-image{text-align:center}.elementor-widget-image a{display:inline-block}.elementor-widget-image a img[src$=\".svg\"]{width:48px}.elementor-widget-image img{vertical-align:middle;display:inline-block}<\/style>\t\t\t\t\t\t\t\t\t\t\t\t<img fetchpriority=\"high\" decoding=\"async\" width=\"1000\" height=\"1000\" src=\"https:\/\/avivamentobiblico.org\/acaosocial\/wp-content\/uploads\/2023\/11\/team-one-shape-off-1.png\" class=\"attachment-full size-full wp-image-688\" alt=\"\" srcset=\"https:\/\/avivamentobiblico.org\/acaosocial\/wp-content\/uploads\/2023\/11\/team-one-shape-off-1.png 1000w, https:\/\/avivamentobiblico.org\/acaosocial\/wp-content\/uploads\/2023\/11\/team-one-shape-off-1-300x300.png 300w, https:\/\/avivamentobiblico.org\/acaosocial\/wp-content\/uploads\/2023\/11\/team-one-shape-off-1-150x150.png 150w, https:\/\/avivamentobiblico.org\/acaosocial\/wp-content\/uploads\/2023\/11\/team-one-shape-off-1-768x768.png 768w\" sizes=\"(max-width: 1000px) 100vw, 1000px\" \/>\t\t\t\t\t\t\t\t\t\t\t\t\t\t\t<\/div>\n\t\t\t\t<\/div>\n\t\t\t\t\t<\/div>\n\t\t\t\t<\/div>\n\t\t<div class=\"elementor-element elementor-element-423ed0c e-flex e-con-boxed e-con e-parent\" data-id=\"423ed0c\" data-element_type=\"container\" data-settings=\"{&quot;content_width&quot;:&quot;boxed&quot;}\" data-core-v316-plus=\"true\">\n\t\t\t\t\t<div class=\"e-con-inner\">\n\t\t\t\t<div class=\"elementor-element elementor-element-c1c7f0e elementor-widget elementor-widget-theme-post-featured-image elementor-widget-image\" data-id=\"c1c7f0e\" data-element_type=\"widget\" data-widget_type=\"theme-post-featured-image.default\">\n\t\t\t\t<div class=\"elementor-widget-container\">\n\t\t\t\t\t\t\t\t\t\t\t\t\t\t\t<img decoding=\"async\" src=\"https:\/\/avivamentobiblico.org\/acaosocial\/wp-content\/uploads\/elementor\/thumbs\/Mayara-qlmstvien0vlwhpnvfl2pkass459g7tg7unffjykqo.webp\" title=\"Mayara\" alt=\"Mayara\" loading=\"lazy\" \/>\t\t\t\t\t\t\t\t\t\t\t\t\t\t\t<\/div>\n\t\t\t\t<\/div>\n\t\t\t\t<div class=\"elementor-element elementor-element-d1d4ab5 elementor-widget elementor-widget-theme-post-title elementor-page-title elementor-widget-heading\" data-id=\"d1d4ab5\" data-element_type=\"widget\" data-widget_type=\"theme-post-title.default\">\n\t\t\t\t<div class=\"elementor-widget-container\">\n\t\t\t<style>\/*! elementor - v3.17.0 - 08-11-2023 *\/\n.elementor-heading-title{padding:0;margin:0;line-height:1}.elementor-widget-heading .elementor-heading-title[class*=elementor-size-]>a{color:inherit;font-size:inherit;line-height:inherit}.elementor-widget-heading .elementor-heading-title.elementor-size-small{font-size:15px}.elementor-widget-heading .elementor-heading-title.elementor-size-medium{font-size:19px}.elementor-widget-heading .elementor-heading-title.elementor-size-large{font-size:29px}.elementor-widget-heading .elementor-heading-title.elementor-size-xl{font-size:39px}.elementor-widget-heading .elementor-heading-title.elementor-size-xxl{font-size:59px}<\/style><h4 class=\"elementor-heading-title elementor-size-default\">Sec. Mayara dos Reis Silva<\/h4>\t\t<\/div>\n\t\t\t\t<\/div>\n\t\t\t\t<div class=\"elementor-element elementor-element-65ce9dc elementor-widget elementor-widget-theme-post-content\" data-id=\"65ce9dc\" data-element_type=\"widget\" data-widget_type=\"theme-post-content.default\">\n\t\t\t\t<div class=\"elementor-widget-container\">\n\t\t\t<p>Secret\u00e1ria de Comunica\u00e7\u00e3o<\/p>\n\t\t<\/div>\n\t\t\t\t<\/div>\n\t\t\t\t\t<\/div>\n\t\t\t\t<\/div>\n\t\t\t\t\t\t<\/div>\n\t\t\t\t<div data-elementor-type=\"loop-item\" data-elementor-id=\"351\" class=\"elementor elementor-351 e-loop-item e-loop-item-697 post-697 nossa-equipe type-nossa-equipe status-publish has-post-thumbnail hentry\" data-elementor-post-type=\"elementor_library\" data-custom-edit-handle=\"1\">\n\t\t\t\t\t\t<div class=\"elementor-element elementor-element-4c34064 e-flex e-con-boxed e-con e-parent\" data-id=\"4c34064\" data-element_type=\"container\" data-settings=\"{&quot;content_width&quot;:&quot;boxed&quot;}\" data-core-v316-plus=\"true\">\n\t\t\t\t\t<div class=\"e-con-inner\">\n\t\t\t\t<div class=\"elementor-element elementor-element-ead8b88 elementor-absolute elementor-widget elementor-widget-image\" data-id=\"ead8b88\" data-element_type=\"widget\" data-settings=\"{&quot;_position&quot;:&quot;absolute&quot;}\" data-widget_type=\"image.default\">\n\t\t\t\t<div class=\"elementor-widget-container\">\n\t\t\t\t\t\t\t\t\t\t\t\t\t\t\t<img fetchpriority=\"high\" decoding=\"async\" width=\"1000\" height=\"1000\" src=\"https:\/\/avivamentobiblico.org\/acaosocial\/wp-content\/uploads\/2023\/11\/team-one-shape-off-1.png\" class=\"attachment-full size-full wp-image-688\" alt=\"\" srcset=\"https:\/\/avivamentobiblico.org\/acaosocial\/wp-content\/uploads\/2023\/11\/team-one-shape-off-1.png 1000w, https:\/\/avivamentobiblico.org\/acaosocial\/wp-content\/uploads\/2023\/11\/team-one-shape-off-1-300x300.png 300w, https:\/\/avivamentobiblico.org\/acaosocial\/wp-content\/uploads\/2023\/11\/team-one-shape-off-1-150x150.png 150w, https:\/\/avivamentobiblico.org\/acaosocial\/wp-content\/uploads\/2023\/11\/team-one-shape-off-1-768x768.png 768w\" sizes=\"(max-width: 1000px) 100vw, 1000px\" \/>\t\t\t\t\t\t\t\t\t\t\t\t\t\t\t<\/div>\n\t\t\t\t<\/div>\n\t\t\t\t\t<\/div>\n\t\t\t\t<\/div>\n\t\t<div class=\"elementor-element elementor-element-423ed0c e-flex e-con-boxed e-con e-parent\" data-id=\"423ed0c\" data-element_type=\"container\" data-settings=\"{&quot;content_width&quot;:&quot;boxed&quot;}\" data-core-v316-plus=\"true\">\n\t\t\t\t\t<div class=\"e-con-inner\">\n\t\t\t\t<div class=\"elementor-element elementor-element-c1c7f0e elementor-widget elementor-widget-theme-post-featured-image elementor-widget-image\" data-id=\"c1c7f0e\" data-element_type=\"widget\" data-widget_type=\"theme-post-featured-image.default\">\n\t\t\t\t<div class=\"elementor-widget-container\">\n\t\t\t\t\t\t\t\t\t\t\t\t\t\t\t<img decoding=\"async\" src=\"https:\/\/avivamentobiblico.org\/acaosocial\/wp-content\/uploads\/elementor\/thumbs\/Pastor-Aloisio-qlmstvien0vlwhpnvfl2pkass459g7tg7unffjykqo.webp\" title=\"Pastor Aloisio\" alt=\"Pastor Aloisio\" loading=\"lazy\" \/>\t\t\t\t\t\t\t\t\t\t\t\t\t\t\t<\/div>\n\t\t\t\t<\/div>\n\t\t\t\t<div class=\"elementor-element elementor-element-d1d4ab5 elementor-widget elementor-widget-theme-post-title elementor-page-title elementor-widget-heading\" data-id=\"d1d4ab5\" data-element_type=\"widget\" data-widget_type=\"theme-post-title.default\">\n\t\t\t\t<div class=\"elementor-widget-container\">\n\t\t\t<h4 class=\"elementor-heading-title elementor-size-default\">Pr. Aloisio Tadeu R. da Silva<\/h4>\t\t<\/div>\n\t\t\t\t<\/div>\n\t\t\t\t<div class=\"elementor-element elementor-element-65ce9dc elementor-widget elementor-widget-theme-post-content\" data-id=\"65ce9dc\" data-element_type=\"widget\" data-widget_type=\"theme-post-content.default\">\n\t\t\t\t<div class=\"elementor-widget-container\">\n\t\t\t<p>Secret\u00e1rio Geral de Finan\u00e7as<\/p>\n\t\t<\/div>\n\t\t\t\t<\/div>\n\t\t\t\t\t<\/div>\n\t\t\t\t<\/div>\n\t\t\t\t\t\t<\/div>\n\t\t\t\t<div data-elementor-type=\"loop-item\" data-elementor-id=\"351\" class=\"elementor elementor-351 e-loop-item e-loop-item-699 post-699 nossa-equipe type-nossa-equipe status-publish has-post-thumbnail hentry\" data-elementor-post-type=\"elementor_library\" data-custom-edit-handle=\"1\">\n\t\t\t\t\t\t<div class=\"elementor-element elementor-element-4c34064 e-flex e-con-boxed e-con e-parent\" data-id=\"4c34064\" data-element_type=\"container\" data-settings=\"{&quot;content_width&quot;:&quot;boxed&quot;}\" data-core-v316-plus=\"true\">\n\t\t\t\t\t<div class=\"e-con-inner\">\n\t\t\t\t<div class=\"elementor-element elementor-element-ead8b88 elementor-absolute elementor-widget elementor-widget-image\" data-id=\"ead8b88\" data-element_type=\"widget\" data-settings=\"{&quot;_position&quot;:&quot;absolute&quot;}\" data-widget_type=\"image.default\">\n\t\t\t\t<div class=\"elementor-widget-container\">\n\t\t\t\t\t\t\t\t\t\t\t\t\t\t\t<img fetchpriority=\"high\" decoding=\"async\" width=\"1000\" height=\"1000\" src=\"https:\/\/avivamentobiblico.org\/acaosocial\/wp-content\/uploads\/2023\/11\/team-one-shape-off-1.png\" class=\"attachment-full size-full wp-image-688\" alt=\"\" srcset=\"https:\/\/avivamentobiblico.org\/acaosocial\/wp-content\/uploads\/2023\/11\/team-one-shape-off-1.png 1000w, https:\/\/avivamentobiblico.org\/acaosocial\/wp-content\/uploads\/2023\/11\/team-one-shape-off-1-300x300.png 300w, https:\/\/avivamentobiblico.org\/acaosocial\/wp-content\/uploads\/2023\/11\/team-one-shape-off-1-150x150.png 150w, https:\/\/avivamentobiblico.org\/acaosocial\/wp-content\/uploads\/2023\/11\/team-one-shape-off-1-768x768.png 768w\" sizes=\"(max-width: 1000px) 100vw, 1000px\" \/>\t\t\t\t\t\t\t\t\t\t\t\t\t\t\t<\/div>\n\t\t\t\t<\/div>\n\t\t\t\t\t<\/div>\n\t\t\t\t<\/div>\n\t\t<div class=\"elementor-element elementor-element-423ed0c e-flex e-con-boxed e-con e-parent\" data-id=\"423ed0c\" data-element_type=\"container\" data-settings=\"{&quot;content_width&quot;:&quot;boxed&quot;}\" data-core-v316-plus=\"true\">\n\t\t\t\t\t<div class=\"e-con-inner\">\n\t\t\t\t<div class=\"elementor-element elementor-element-c1c7f0e elementor-widget elementor-widget-theme-post-featured-image elementor-widget-image\" data-id=\"c1c7f0e\" data-element_type=\"widget\" data-widget_type=\"theme-post-featured-image.default\">\n\t\t\t\t<div class=\"elementor-widget-container\">\n\t\t\t\t\t\t\t\t\t\t\t\t\t\t\t<img decoding=\"async\" src=\"https:\/\/avivamentobiblico.org\/acaosocial\/wp-content\/uploads\/elementor\/thumbs\/Pastor-David-qlmstvien0vlwhpnvfl2pkass459g7tg7unffjykqo.webp\" title=\"Pastor David\" alt=\"Pastor David\" loading=\"lazy\" \/>\t\t\t\t\t\t\t\t\t\t\t\t\t\t\t<\/div>\n\t\t\t\t<\/div>\n\t\t\t\t<div class=\"elementor-element elementor-element-d1d4ab5 elementor-widget elementor-widget-theme-post-title elementor-page-title elementor-widget-heading\" data-id=\"d1d4ab5\" data-element_type=\"widget\" data-widget_type=\"theme-post-title.default\">\n\t\t\t\t<div class=\"elementor-widget-container\">\n\t\t\t<h4 class=\"elementor-heading-title elementor-size-default\">Pr. David Soares dos Santos<\/h4>\t\t<\/div>\n\t\t\t\t<\/div>\n\t\t\t\t<div class=\"elementor-element elementor-element-65ce9dc elementor-widget elementor-widget-theme-post-content\" data-id=\"65ce9dc\" data-element_type=\"widget\" data-widget_type=\"theme-post-content.default\">\n\t\t\t\t<div class=\"elementor-widget-container\">\n\t\t\t<p>Secret\u00e1rio de Assuntos Sociais<\/p>\n\t\t<\/div>\n\t\t\t\t<\/div>\n\t\t\t\t\t<\/div>\n\t\t\t\t<\/div>\n\t\t\t\t\t\t<\/div>\n\t\t\t\t<div data-elementor-type=\"loop-item\" data-elementor-id=\"351\" class=\"elementor elementor-351 e-loop-item e-loop-item-700 post-700 nossa-equipe type-nossa-equipe status-publish has-post-thumbnail hentry\" data-elementor-post-type=\"elementor_library\" data-custom-edit-handle=\"1\">\n\t\t\t\t\t\t<div class=\"elementor-element elementor-element-4c34064 e-flex e-con-boxed e-con e-parent\" data-id=\"4c34064\" data-element_type=\"container\" data-settings=\"{&quot;content_width&quot;:&quot;boxed&quot;}\" data-core-v316-plus=\"true\">\n\t\t\t\t\t<div class=\"e-con-inner\">\n\t\t\t\t<div class=\"elementor-element elementor-element-ead8b88 elementor-absolute elementor-widget elementor-widget-image\" data-id=\"ead8b88\" data-element_type=\"widget\" data-settings=\"{&quot;_position&quot;:&quot;absolute&quot;}\" data-widget_type=\"image.default\">\n\t\t\t\t<div class=\"elementor-widget-container\">\n\t\t\t\t\t\t\t\t\t\t\t\t\t\t\t<img fetchpriority=\"high\" decoding=\"async\" width=\"1000\" height=\"1000\" src=\"https:\/\/avivamentobiblico.org\/acaosocial\/wp-content\/uploads\/2023\/11\/team-one-shape-off-1.png\" class=\"attachment-full size-full wp-image-688\" alt=\"\" srcset=\"https:\/\/avivamentobiblico.org\/acaosocial\/wp-content\/uploads\/2023\/11\/team-one-shape-off-1.png 1000w, https:\/\/avivamentobiblico.org\/acaosocial\/wp-content\/uploads\/2023\/11\/team-one-shape-off-1-300x300.png 300w, https:\/\/avivamentobiblico.org\/acaosocial\/wp-content\/uploads\/2023\/11\/team-one-shape-off-1-150x150.png 150w, https:\/\/avivamentobiblico.org\/acaosocial\/wp-content\/uploads\/2023\/11\/team-one-shape-off-1-768x768.png 768w\" sizes=\"(max-width: 1000px) 100vw, 1000px\" \/>\t\t\t\t\t\t\t\t\t\t\t\t\t\t\t<\/div>\n\t\t\t\t<\/div>\n\t\t\t\t\t<\/div>\n\t\t\t\t<\/div>\n\t\t<div class=\"elementor-element elementor-element-423ed0c e-flex e-con-boxed e-con e-parent\" data-id=\"423ed0c\" data-element_type=\"container\" data-settings=\"{&quot;content_width&quot;:&quot;boxed&quot;}\" data-core-v316-plus=\"true\">\n\t\t\t\t\t<div class=\"e-con-inner\">\n\t\t\t\t<div class=\"elementor-element elementor-element-c1c7f0e elementor-widget elementor-widget-theme-post-featured-image elementor-widget-image\" data-id=\"c1c7f0e\" data-element_type=\"widget\" data-widget_type=\"theme-post-featured-image.default\">\n\t\t\t\t<div class=\"elementor-widget-container\">\n\t\t\t\t\t\t\t\t\t\t\t\t\t\t\t<img decoding=\"async\" src=\"https:\/\/avivamentobiblico.org\/acaosocial\/wp-content\/uploads\/elementor\/thumbs\/Pastor-Anderson-qlmstvien0vlwhpnvfl2pkass459g7tg7unffjykqo.webp\" title=\"Pastor Anderson\" alt=\"Pastor Anderson\" loading=\"lazy\" \/>\t\t\t\t\t\t\t\t\t\t\t\t\t\t\t<\/div>\n\t\t\t\t<\/div>\n\t\t\t\t<div class=\"elementor-element elementor-element-d1d4ab5 elementor-widget elementor-widget-theme-post-title elementor-page-title elementor-widget-heading\" data-id=\"d1d4ab5\" data-element_type=\"widget\" data-widget_type=\"theme-post-title.default\">\n\t\t\t\t<div class=\"elementor-widget-container\">\n\t\t\t<h4 class=\"elementor-heading-title elementor-size-default\">Pastor Anderson Barbeli<\/h4>\t\t<\/div>\n\t\t\t\t<\/div>\n\t\t\t\t<div class=\"elementor-element elementor-element-65ce9dc elementor-widget elementor-widget-theme-post-content\" data-id=\"65ce9dc\" data-element_type=\"widget\" data-widget_type=\"theme-post-content.default\">\n\t\t\t\t<div class=\"elementor-widget-container\">\n\t\t\t<p>Secret\u00e1rio de Assuntos Previdenci\u00e1rios<\/p>\n\t\t<\/div>\n\t\t\t\t<\/div>\n\t\t\t\t\t<\/div>\n\t\t\t\t<\/div>\n\t\t\t\t\t\t<\/div>\n\t\t\t\t<\/div>\n\t\t\n\t\t\t\t<\/div>\n\t\t\t\t<\/div>\n\t\t\t\t\t<\/div>\n\t\t\t\t<\/div>\n\t\t\t\t\t\t\t<\/div>\n\t\t","protected":false},"excerpt":{"rendered":"","protected":false},"author":1,"featured_media":0,"parent":0,"menu_order":0,"comment_status":"closed","ping_status":"closed","template":"elementor_header_footer","meta":{"footnotes":""},"class_list":["post-705","page","type-page","status-publish","hentry"],"acf":[],"_links":{"self":[{"href":"https:\/\/avivamentobiblico.org\/acaosocial\/wp-json\/wp\/v2\/pages\/705","targetHints":{"allow":["GET"]}}],"collection":[{"href":"https:\/\/avivamentobiblico.org\/acaosocial\/wp-json\/wp\/v2\/pages"}],"about":[{"href":"https:\/\/avivamentobiblico.org\/acaosocial\/wp-json\/wp\/v2\/types\/page"}],"author":[{"embeddable":true,"href":"https:\/\/avivamentobiblico.org\/acaosocial\/wp-json\/wp\/v2\/users\/1"}],"replies":[{"embeddable":true,"href":"https:\/\/avivamentobiblico.org\/acaosocial\/wp-json\/wp\/v2\/comments?post=705"}],"version-history":[{"count":11,"href":"https:\/\/avivamentobiblico.org\/acaosocial\/wp-json\/wp\/v2\/pages\/705\/revisions"}],"predecessor-version":[{"id":824,"href":"https:\/\/avivamentobiblico.org\/acaosocial\/wp-json\/wp\/v2\/pages\/705\/revisions\/824"}],"wp:attachment":[{"href":"https:\/\/avivamentobiblico.org\/acaosocial\/wp-json\/wp\/v2\/media?parent=705"}],"curies":[{"name":"wp","href":"https:\/\/api.w.org\/{rel}","templated":true}]}}