{"id":522,"date":"2024-02-19T16:12:19","date_gmt":"2024-02-19T16:12:19","guid":{"rendered":"https:\/\/avivamentobiblico.org\/acaosocial\/?page_id=522"},"modified":"2024-02-19T20:15:25","modified_gmt":"2024-02-19T20:15:25","slug":"oferte","status":"publish","type":"page","link":"https:\/\/avivamentobiblico.org\/acaosocial\/oferte\/","title":{"rendered":"Oferte"},"content":{"rendered":"\t\t<div data-elementor-type=\"wp-page\" data-elementor-id=\"522\" class=\"elementor elementor-522\" data-elementor-post-type=\"page\">\n\t\t\t\t\t\t\t<div class=\"elementor-element elementor-element-55f6693d e-con-full e-flex e-con e-parent\" data-id=\"55f6693d\" data-element_type=\"container\" data-settings=\"{&quot;content_width&quot;:&quot;full&quot;,&quot;background_background&quot;:&quot;slideshow&quot;,&quot;background_slideshow_gallery&quot;:[{&quot;id&quot;:640,&quot;url&quot;:&quot;https:\\\/\\\/avivamentobiblico.org\\\/acaosocial\\\/wp-content\\\/uploads\\\/2024\\\/02\\\/hands-open-charity-and-support-with-a-woman-beggi-2023-02-25-00-45-39-utc-scaled.webp&quot;}],&quot;background_slideshow_loop&quot;:&quot;yes&quot;,&quot;background_slideshow_slide_duration&quot;:5000,&quot;background_slideshow_slide_transition&quot;:&quot;fade&quot;,&quot;background_slideshow_transition_duration&quot;:500}\" data-core-v316-plus=\"true\">\n\t\t\t\t<div class=\"elementor-element elementor-element-4da54161 elementor-widget__width-inherit elementor-widget elementor-widget-wp-widget-custom_html\" data-id=\"4da54161\" data-element_type=\"widget\" data-widget_type=\"wp-widget-custom_html.default\">\n\t\t\t\t<div class=\"elementor-widget-container\">\n\t\t\t<div class=\"textwidget custom-html-widget\"> <section class=\"page-header\">\r\n           \r\n            <div class=\"container\">\r\n                <div class=\"page-header__inner\">\r\n                    <ul class=\"thm-breadcrumb list-unstyled\">\r\n                        <li><a href=\"index.html\">Home<\/a><\/li>\r\n                        <li><span>\/<\/span><\/li>\r\n                        <li>Oferte<\/li>\r\n                    <\/ul>\r\n                    <h2>Oferte<\/h2>\r\n                <\/div>\r\n            <\/div>\r\n        <\/section><\/div>\t\t<\/div>\n\t\t\t\t<\/div>\n\t\t\t\t<\/div>\n\t\t<div class=\"elementor-element elementor-element-98e29ef e-flex e-con-boxed e-con e-parent\" data-id=\"98e29ef\" data-element_type=\"container\" data-settings=\"{&quot;content_width&quot;:&quot;boxed&quot;}\" data-core-v316-plus=\"true\">\n\t\t\t\t\t<div class=\"e-con-inner\">\n\t\t\t\t<div class=\"elementor-element elementor-element-6d44d5d elementor-widget elementor-widget-heading\" data-id=\"6d44d5d\" data-element_type=\"widget\" data-widget_type=\"heading.default\">\n\t\t\t\t<div class=\"elementor-widget-container\">\n\t\t\t<style>\/*! elementor - v3.17.0 - 08-11-2023 *\/\n.elementor-heading-title{padding:0;margin:0;line-height:1}.elementor-widget-heading .elementor-heading-title[class*=elementor-size-]>a{color:inherit;font-size:inherit;line-height:inherit}.elementor-widget-heading .elementor-heading-title.elementor-size-small{font-size:15px}.elementor-widget-heading .elementor-heading-title.elementor-size-medium{font-size:19px}.elementor-widget-heading .elementor-heading-title.elementor-size-large{font-size:29px}.elementor-widget-heading .elementor-heading-title.elementor-size-xl{font-size:39px}.elementor-widget-heading .elementor-heading-title.elementor-size-xxl{font-size:59px}<\/style><h1 class=\"elementor-heading-title elementor-size-default\">Voc\u00ea pode ser um agente de mudan\u00e7a<\/h1>\t\t<\/div>\n\t\t\t\t<\/div>\n\t\t\t\t<div class=\"elementor-element elementor-element-a359b08 elementor-widget elementor-widget-text-editor\" data-id=\"a359b08\" data-element_type=\"widget\" data-widget_type=\"text-editor.default\">\n\t\t\t\t<div class=\"elementor-widget-container\">\n\t\t\t<style>\/*! elementor - v3.17.0 - 08-11-2023 *\/\n.elementor-widget-text-editor.elementor-drop-cap-view-stacked .elementor-drop-cap{background-color:#69727d;color:#fff}.elementor-widget-text-editor.elementor-drop-cap-view-framed .elementor-drop-cap{color:#69727d;border:3px solid;background-color:transparent}.elementor-widget-text-editor:not(.elementor-drop-cap-view-default) .elementor-drop-cap{margin-top:8px}.elementor-widget-text-editor:not(.elementor-drop-cap-view-default) .elementor-drop-cap-letter{width:1em;height:1em}.elementor-widget-text-editor .elementor-drop-cap{float:left;text-align:center;line-height:1;font-size:50px}.elementor-widget-text-editor .elementor-drop-cap-letter{display:inline-block}<\/style>\t\t\t\t<p>A Paz do Senhor meus amados (as) irm\u00e3os (\u00e3s). Voc\u00ea pode ser um agente de mudan\u00e7a ao apoiar os projetos da DGAS na Igreja Evang\u00e9lica Avivamento B\u00edblico! Sua contribui\u00e7\u00e3o \u00e9 crucial para fazermos a diferen\u00e7a na vida das pessoas que enfrentam dificuldades. Junte-se a n\u00f3s e seja parte dessa jornada de amor e compaix\u00e3o.<br \/><br \/>Com seu apoio financeiro, podemos:<\/p>\t\t\t\t\t\t<\/div>\n\t\t\t\t<\/div>\n\t\t\t\t<div class=\"elementor-element elementor-element-318c4c7 elementor-align-left elementor-icon-list--layout-traditional elementor-list-item-link-full_width elementor-widget elementor-widget-icon-list\" data-id=\"318c4c7\" data-element_type=\"widget\" data-widget_type=\"icon-list.default\">\n\t\t\t\t<div class=\"elementor-widget-container\">\n\t\t\t<link rel=\"stylesheet\" href=\"https:\/\/avivamentobiblico.org\/acaosocial\/wp-content\/plugins\/elementor\/assets\/css\/widget-icon-list.min.css\">\t\t<ul class=\"elementor-icon-list-items\">\n\t\t\t\t\t\t\t<li class=\"elementor-icon-list-item\">\n\t\t\t\t\t\t\t\t\t\t\t<span class=\"elementor-icon-list-icon\">\n\t\t\t\t\t\t\t<i aria-hidden=\"true\" class=\"fas fa-check-circle\"><\/i>\t\t\t\t\t\t<\/span>\n\t\t\t\t\t\t\t\t\t\t<span class=\"elementor-icon-list-text\">Ampliar nossos esfor\u00e7os e atender a um n\u00famero maior de indiv\u00edduos necessitados;<\/span>\n\t\t\t\t\t\t\t\t\t<\/li>\n\t\t\t\t\t\t\t\t<li class=\"elementor-icon-list-item\">\n\t\t\t\t\t\t\t\t\t\t\t<span class=\"elementor-icon-list-icon\">\n\t\t\t\t\t\t\t<i aria-hidden=\"true\" class=\"fas fa-check-circle\"><\/i>\t\t\t\t\t\t<\/span>\n\t\t\t\t\t\t\t\t\t\t<span class=\"elementor-icon-list-text\">Fortalecer nossos projetos sociais no Brasil e no mundo;<\/span>\n\t\t\t\t\t\t\t\t\t<\/li>\n\t\t\t\t\t\t\t\t<li class=\"elementor-icon-list-item\">\n\t\t\t\t\t\t\t\t\t\t\t<span class=\"elementor-icon-list-icon\">\n\t\t\t\t\t\t\t<i aria-hidden=\"true\" class=\"fas fa-check-circle\"><\/i>\t\t\t\t\t\t<\/span>\n\t\t\t\t\t\t\t\t\t\t<span class=\"elementor-icon-list-text\">Impactar positivamente diversas comunidades e fam\u00edlias;<\/span>\n\t\t\t\t\t\t\t\t\t<\/li>\n\t\t\t\t\t\t<\/ul>\n\t\t\t\t<\/div>\n\t\t\t\t<\/div>\n\t\t\t\t<div class=\"elementor-element elementor-element-cd1649d elementor-widget__width-initial elementor-widget elementor-widget-text-editor\" data-id=\"cd1649d\" data-element_type=\"widget\" data-widget_type=\"text-editor.default\">\n\t\t\t\t<div class=\"elementor-widget-container\">\n\t\t\t\t\t\t\t<p>Para fazer sua contribui\u00e7\u00e3o por dep\u00f3sito banc\u00e1rio, utilize as informa\u00e7\u00f5es a seguir: <br \/><br \/>Banco Bradesco <br \/>AG.: 113-9 <br \/>Cc.: 132.182-0 <br \/><br \/>Caso prefira utilizar o PIX, nossa chave \u00e9:<br \/>acaosocialieab@outlook.com.<br \/><br \/>Agradecemos imensamente sua vontade de contribuir. Juntos, podemos ser instrumentos de mudan\u00e7a e promover uma sociedade mais justa e acolhedora. Seja luz na vida de algu\u00e9m necessitado e fa\u00e7a a diferen\u00e7a hoje mesmo.<\/p>\t\t\t\t\t\t<\/div>\n\t\t\t\t<\/div>\n\t\t\t\t<div class=\"elementor-element elementor-element-f53ac30 gallery-spacing-custom elementor-widget elementor-widget-image-gallery\" data-id=\"f53ac30\" data-element_type=\"widget\" data-widget_type=\"image-gallery.default\">\n\t\t\t\t<div class=\"elementor-widget-container\">\n\t\t\t<style>\/*! elementor - v3.17.0 - 08-11-2023 *\/\n.elementor-image-gallery .gallery-item{display:inline-block;text-align:center;vertical-align:top;width:100%;max-width:100%;margin:0 auto}.elementor-image-gallery .gallery-item img{margin:0 auto}.elementor-image-gallery .gallery-item .gallery-caption{margin:0}.elementor-image-gallery figure img{display:block}.elementor-image-gallery figure figcaption{width:100%}.gallery-spacing-custom .elementor-image-gallery .gallery-icon{padding:0}@media (min-width:768px){.elementor-image-gallery .gallery-columns-2 .gallery-item{max-width:50%}.elementor-image-gallery .gallery-columns-3 .gallery-item{max-width:33.33%}.elementor-image-gallery .gallery-columns-4 .gallery-item{max-width:25%}.elementor-image-gallery .gallery-columns-5 .gallery-item{max-width:20%}.elementor-image-gallery .gallery-columns-6 .gallery-item{max-width:16.666%}.elementor-image-gallery .gallery-columns-7 .gallery-item{max-width:14.28%}.elementor-image-gallery .gallery-columns-8 .gallery-item{max-width:12.5%}.elementor-image-gallery .gallery-columns-9 .gallery-item{max-width:11.11%}.elementor-image-gallery .gallery-columns-10 .gallery-item{max-width:10%}}@media (min-width:480px) and (max-width:767px){.elementor-image-gallery .gallery.gallery-columns-2 .gallery-item,.elementor-image-gallery .gallery.gallery-columns-3 .gallery-item,.elementor-image-gallery .gallery.gallery-columns-4 .gallery-item,.elementor-image-gallery .gallery.gallery-columns-5 .gallery-item,.elementor-image-gallery .gallery.gallery-columns-6 .gallery-item,.elementor-image-gallery .gallery.gallery-columns-7 .gallery-item,.elementor-image-gallery .gallery.gallery-columns-8 .gallery-item,.elementor-image-gallery .gallery.gallery-columns-9 .gallery-item,.elementor-image-gallery .gallery.gallery-columns-10 .gallery-item{max-width:50%}}@media (max-width:479px){.elementor-image-gallery .gallery.gallery-columns-2 .gallery-item,.elementor-image-gallery .gallery.gallery-columns-3 .gallery-item,.elementor-image-gallery .gallery.gallery-columns-4 .gallery-item,.elementor-image-gallery .gallery.gallery-columns-5 .gallery-item,.elementor-image-gallery .gallery.gallery-columns-6 .gallery-item,.elementor-image-gallery .gallery.gallery-columns-7 .gallery-item,.elementor-image-gallery .gallery.gallery-columns-8 .gallery-item,.elementor-image-gallery .gallery.gallery-columns-9 .gallery-item,.elementor-image-gallery .gallery.gallery-columns-10 .gallery-item{max-width:100%}}<\/style>\t\t<div class=\"elementor-image-gallery\">\n\t\t\t\n\t\t<style type=\"text\/css\">\n\t\t\t#gallery-1 {\n\t\t\t\tmargin: auto;\n\t\t\t}\n\t\t\t#gallery-1 .gallery-item {\n\t\t\t\tfloat: left;\n\t\t\t\tmargin-top: 10px;\n\t\t\t\ttext-align: center;\n\t\t\t\twidth: 50%;\n\t\t\t}\n\t\t\t#gallery-1 img {\n\t\t\t\tborder: 2px solid #cfcfcf;\n\t\t\t}\n\t\t\t#gallery-1 .gallery-caption {\n\t\t\t\tmargin-left: 0;\n\t\t\t}\n\t\t\t\/* see gallery_shortcode() in wp-includes\/media.php *\/\n\t\t<\/style>\n\t\t<div id='gallery-1' class='gallery galleryid-522 gallery-columns-2 gallery-size-medium_large'><dl class='gallery-item'>\n\t\t\t<dt class='gallery-icon portrait'>\n\t\t\t\t<a data-elementor-open-lightbox=\"yes\" data-elementor-lightbox-slideshow=\"f53ac30\" data-elementor-lightbox-title=\"image\" data-e-action-hash=\"#elementor-action%3Aaction%3Dlightbox%26settings%3DeyJpZCI6NjQxLCJ1cmwiOiJodHRwczpcL1wvYXZpdmFtZW50b2JpYmxpY28ub3JnXC9hY2Fvc29jaWFsXC93cC1jb250ZW50XC91cGxvYWRzXC8yMDI0XC8wMlwvaW1hZ2Uud2VicCIsInNsaWRlc2hvdyI6ImY1M2FjMzAifQ%3D%3D\" href='https:\/\/avivamentobiblico.org\/acaosocial\/wp-content\/uploads\/2024\/02\/image.webp'><img fetchpriority=\"high\" decoding=\"async\" width=\"768\" height=\"1024\" src=\"https:\/\/avivamentobiblico.org\/acaosocial\/wp-content\/uploads\/2024\/02\/image-768x1024.webp\" class=\"attachment-medium_large size-medium_large\" alt=\"\" srcset=\"https:\/\/avivamentobiblico.org\/acaosocial\/wp-content\/uploads\/2024\/02\/image-768x1024.webp 768w, https:\/\/avivamentobiblico.org\/acaosocial\/wp-content\/uploads\/2024\/02\/image-225x300.webp 225w, https:\/\/avivamentobiblico.org\/acaosocial\/wp-content\/uploads\/2024\/02\/image.webp 1080w\" sizes=\"(max-width: 768px) 100vw, 768px\" \/><\/a>\n\t\t\t<\/dt><\/dl><dl class='gallery-item'>\n\t\t\t<dt class='gallery-icon landscape'>\n\t\t\t\t<a data-elementor-open-lightbox=\"yes\" data-elementor-lightbox-slideshow=\"f53ac30\" data-elementor-lightbox-title=\"IMG_0635\" data-e-action-hash=\"#elementor-action%3Aaction%3Dlightbox%26settings%3DeyJpZCI6NjQyLCJ1cmwiOiJodHRwczpcL1wvYXZpdmFtZW50b2JpYmxpY28ub3JnXC9hY2Fvc29jaWFsXC93cC1jb250ZW50XC91cGxvYWRzXC8yMDI0XC8wMlwvSU1HXzA2MzUud2VicCIsInNsaWRlc2hvdyI6ImY1M2FjMzAifQ%3D%3D\" href='https:\/\/avivamentobiblico.org\/acaosocial\/wp-content\/uploads\/2024\/02\/IMG_0635.webp'><img decoding=\"async\" width=\"768\" height=\"512\" src=\"https:\/\/avivamentobiblico.org\/acaosocial\/wp-content\/uploads\/2024\/02\/IMG_0635-768x512.webp\" class=\"attachment-medium_large size-medium_large\" alt=\"\" srcset=\"https:\/\/avivamentobiblico.org\/acaosocial\/wp-content\/uploads\/2024\/02\/IMG_0635-768x512.webp 768w, https:\/\/avivamentobiblico.org\/acaosocial\/wp-content\/uploads\/2024\/02\/IMG_0635-300x200.webp 300w, https:\/\/avivamentobiblico.org\/acaosocial\/wp-content\/uploads\/2024\/02\/IMG_0635-1024x682.webp 1024w, https:\/\/avivamentobiblico.org\/acaosocial\/wp-content\/uploads\/2024\/02\/IMG_0635-1536x1023.webp 1536w, https:\/\/avivamentobiblico.org\/acaosocial\/wp-content\/uploads\/2024\/02\/IMG_0635.webp 1600w\" sizes=\"(max-width: 768px) 100vw, 768px\" \/><\/a>\n\t\t\t<\/dt><\/dl><br style=\"clear: both\" \/>\n\t\t<\/div>\n\t\t<\/div>\n\t\t\t\t<\/div>\n\t\t\t\t<\/div>\n\t\t\t\t\t<\/div>\n\t\t\t\t<\/div>\n\t\t\t\t\t\t\t<\/div>\n\t\t","protected":false},"excerpt":{"rendered":"<p>Voc\u00ea pode ser um agente de mudan\u00e7a A Paz do Senhor meus amados (as) irm\u00e3os (\u00e3s). Voc\u00ea pode ser um agente de mudan\u00e7a ao apoiar os projetos da DGAS na Igreja Evang\u00e9lica Avivamento B\u00edblico! Sua contribui\u00e7\u00e3o \u00e9 crucial para fazermos a diferen\u00e7a na vida das pessoas que enfrentam dificuldades. Junte-se a n\u00f3s e seja parte [&hellip;]<\/p>\n","protected":false},"author":1,"featured_media":0,"parent":0,"menu_order":0,"comment_status":"closed","ping_status":"closed","template":"elementor_header_footer","meta":{"footnotes":""},"class_list":["post-522","page","type-page","status-publish","hentry"],"acf":[],"_links":{"self":[{"href":"https:\/\/avivamentobiblico.org\/acaosocial\/wp-json\/wp\/v2\/pages\/522","targetHints":{"allow":["GET"]}}],"collection":[{"href":"https:\/\/avivamentobiblico.org\/acaosocial\/wp-json\/wp\/v2\/pages"}],"about":[{"href":"https:\/\/avivamentobiblico.org\/acaosocial\/wp-json\/wp\/v2\/types\/page"}],"author":[{"embeddable":true,"href":"https:\/\/avivamentobiblico.org\/acaosocial\/wp-json\/wp\/v2\/users\/1"}],"replies":[{"embeddable":true,"href":"https:\/\/avivamentobiblico.org\/acaosocial\/wp-json\/wp\/v2\/comments?post=522"}],"version-history":[{"count":40,"href":"https:\/\/avivamentobiblico.org\/acaosocial\/wp-json\/wp\/v2\/pages\/522\/revisions"}],"predecessor-version":[{"id":654,"href":"https:\/\/avivamentobiblico.org\/acaosocial\/wp-json\/wp\/v2\/pages\/522\/revisions\/654"}],"wp:attachment":[{"href":"https:\/\/avivamentobiblico.org\/acaosocial\/wp-json\/wp\/v2\/media?parent=522"}],"curies":[{"name":"wp","href":"https:\/\/api.w.org\/{rel}","templated":true}]}}